{"id":39,"date":"2015-09-08T23:30:10","date_gmt":"2015-09-08T22:30:10","guid":{"rendered":"http:\/\/camping-les-clos.fr\/camping\/?page_id=39"},"modified":"2026-02-04T18:40:54","modified_gmt":"2026-02-04T17:40:54","slug":"tarifs","status":"publish","type":"page","link":"http:\/\/camping-les-clos.fr\/camping\/tarifs\/","title":{"rendered":"Tarifs \/ Prices"},"content":{"rendered":"<h4>Prix par jour \/ Prices per day<\/h4>\n<table width=\"640\">\n<tbody>\n<tr>\n<td width=\"294\">\n<p style=\"text-align: center;\"><strong><strong>Tarifs camping 2026 par jour<\/strong><\/strong><\/p>\n<p style=\"text-align: center;\"><strong>(TTC en euros)<\/strong><\/p>\n<\/td>\n<td width=\"101\">\n<p style=\"text-align: center;\">Avril &amp; Mai<\/p>\n<p style=\"text-align: center;\">April &amp; May<\/p>\n<\/td>\n<td style=\"text-align: center;\" width=\"134\">Juin &amp; Septembre<\/p>\n<p>June &amp; September<\/td>\n<td width=\"104\">\n<p style=\"text-align: center;\">Juillet &amp; Ao\u00fbt<\/p>\n<p style=\"text-align: center;\">July &amp; August<\/p>\n<\/td>\n<\/tr>\n<tr>\n<td width=\"294\">Forfait 1 ou 2 personnes + emplacement<\/td>\n<td style=\"text-align: right;\" width=\"101\"><strong>18,00 \u20ac<\/strong><\/td>\n<td style=\"text-align: right;\" width=\"134\"><strong>20,00 \u20ac<\/strong><\/td>\n<td style=\"text-align: right;\" width=\"104\"><strong>22,00 \u20ac<\/strong><\/td>\n<\/tr>\n<tr>\n<td width=\"294\">Personne suppl\u00e9mentaire<\/td>\n<td style=\"text-align: right;\" width=\"101\"><strong>6,00 \u20ac<\/strong><\/td>\n<td style=\"text-align: right;\" width=\"134\"><strong>7,00 \u20ac<\/strong><\/td>\n<td style=\"text-align: right;\" width=\"104\"><strong>8,00 \u20ac<\/strong><\/td>\n<\/tr>\n<tr>\n<td width=\"294\">Emplacement<\/td>\n<td style=\"text-align: right;\" width=\"101\"><strong>6,00 \u20ac<\/strong><\/td>\n<td style=\"text-align: right;\" width=\"134\"><strong>7,00 \u20ac<\/strong><\/td>\n<td style=\"text-align: right;\" width=\"104\"><strong>8,00 \u20ac<\/strong><\/td>\n<\/tr>\n<tr>\n<td width=\"294\">Enfant de moins de 3 ans<\/td>\n<td style=\"text-align: right;\" width=\"101\"><strong>3,00 \u20ac<\/strong><\/td>\n<td style=\"text-align: right;\" width=\"134\"><strong>4,00 \u20ac<\/strong><\/td>\n<td style=\"text-align: right;\" width=\"104\"><strong>5,00 \u20ac<\/strong><\/td>\n<\/tr>\n<tr>\n<td width=\"294\"><strong>OPTION<\/strong><\/td>\n<td width=\"101\"><\/td>\n<td width=\"134\"><\/td>\n<td width=\"104\"><\/td>\n<\/tr>\n<tr>\n<td width=\"294\">Branchement \u00e9lectrique individuel (16 A)<\/td>\n<td style=\"text-align: right;\" width=\"101\"><strong>5,00 \u20ac<\/strong><\/td>\n<td style=\"text-align: right;\" width=\"134\"><strong>5,50 \u20ac<\/strong><\/td>\n<td style=\"text-align: right;\" width=\"104\"><strong>6,00 \u20ac<\/strong><\/td>\n<\/tr>\n<tr>\n<td width=\"294\">Visiteur plus de 2 heures<\/td>\n<td style=\"text-align: right;\" width=\"101\"><strong>2,00 \u20ac<\/strong><\/td>\n<td style=\"text-align: right;\" width=\"134\"><strong>3,00 \u20ac<\/strong><\/td>\n<td style=\"text-align: right;\" width=\"104\"><strong>4,00 \u20ac<\/strong><\/td>\n<\/tr>\n<tr>\n<td width=\"294\">Chien<\/td>\n<td style=\"text-align: right;\" width=\"101\"><strong>1,80 \u20ac<\/strong><\/td>\n<td style=\"text-align: right;\" width=\"134\"><strong>1,80 \u20ac<\/strong><\/td>\n<td style=\"text-align: right;\" width=\"104\"><strong>2,00 \u20ac<\/strong><\/td>\n<\/tr>\n<tr>\n<td width=\"294\">Voiture suppl\u00e9mentaire<\/td>\n<td style=\"text-align: right;\" width=\"101\"><strong>2,00 \u20ac<\/strong><\/td>\n<td style=\"text-align: right;\" width=\"134\"><strong>2,00 \u20ac<\/strong><\/td>\n<td style=\"text-align: right;\" width=\"104\"><strong>2,50 \u20ac<\/strong><\/td>\n<\/tr>\n<tr>\n<td width=\"294\">Location r\u00e9frig\u00e9rateur<\/td>\n<td style=\"text-align: right;\" width=\"101\"><strong>4,00 \u20ac<\/strong><\/td>\n<td style=\"text-align: right;\" width=\"134\"><strong>4,00 \u20ac<\/strong><\/td>\n<td style=\"text-align: right;\" width=\"104\"><strong>4,50 \u20ac<\/strong><\/td>\n<\/tr>\n<tr>\n<td width=\"294\">Jeton lave linge<\/td>\n<td style=\"text-align: right;\" width=\"101\"><strong>5,00 \u20ac<\/strong><\/td>\n<td style=\"text-align: right;\" width=\"134\"><strong>5,00 \u20ac<\/strong><\/td>\n<td style=\"text-align: right;\" width=\"104\"><strong>5,00 \u20ac<\/strong><\/td>\n<\/tr>\n<tr>\n<td width=\"294\">Frais r\u00e9servation<\/td>\n<td style=\"text-align: right;\" width=\"101\"><strong>20,00 \u20ac<\/strong><\/td>\n<td style=\"text-align: right;\" width=\"134\"><strong>20,00 \u20ac<\/strong><\/td>\n<td style=\"text-align: right;\" width=\"104\"><strong>20,00 \u20ac<\/strong><\/td>\n<\/tr>\n<tr>\n<td width=\"294\">Taxe de s\u00e9jour<\/td>\n<td style=\"text-align: right;\" width=\"101\">0,29 \u20ac<\/td>\n<td style=\"text-align: right;\" width=\"134\">0,29 \u20ac<\/td>\n<td style=\"text-align: right;\" width=\"104\">0,29 \u20ac<\/td>\n<\/tr>\n<tr>\n<td width=\"294\"><\/td>\n<td width=\"101\"><\/td>\n<td width=\"134\"><\/td>\n<td width=\"104\"><\/td>\n<\/tr>\n<tr>\n<td width=\"294\"><\/td>\n<td width=\"101\"><\/td>\n<td width=\"134\"><\/td>\n<td width=\"104\"><\/td>\n<\/tr>\n<\/tbody>\n<\/table>\n<p><strong>TARIF LOCATION 2026 PAR SEMAINE :<\/strong><\/p>\n<table>\n<tbody>\n<tr>\n<td width=\"194\"><\/td>\n<td width=\"194\">JUILLET et AOUT<\/td>\n<td width=\"194\">MAI &#8211; JUIN &#8211; SEPTEMBRE<\/td>\n<td width=\"194\">1<sup>er<\/sup> OCTOBRE AU 30 AVRIL<\/td>\n<\/tr>\n<tr>\n<td width=\"194\">MOBIL HOME 4 Personnes<\/td>\n<td style=\"text-align: right;\" width=\"194\"><strong>630 \u20ac<\/strong><\/td>\n<td style=\"text-align: right;\" width=\"194\"><strong>360 \u20ac<\/strong><\/td>\n<td style=\"text-align: right;\" width=\"194\"><strong>340 \u20ac<\/strong><\/td>\n<\/tr>\n<tr>\n<td width=\"194\">CHALET 6 personnes<\/td>\n<td style=\"text-align: right;\" width=\"194\"><strong>750 \u20ac<\/strong><\/td>\n<td style=\"text-align: right;\" width=\"194\"><strong>530 \u20ac<\/strong><\/td>\n<td style=\"text-align: right;\" width=\"194\"><strong>440 \u20ac<\/strong><\/td>\n<\/tr>\n<\/tbody>\n<\/table>\n<p>Taxe de s\u00e9jour 0,29 \u20ac par jour et par personne.<\/p>\n<p><strong>La piscine est gratuite et non surveill\u00e9e. Les visiteurs et les invit\u00e9s ne sont pas autoris\u00e9s \u00e0 se baigner.<\/strong><\/p>\n<p><strong>Les d\u00e9parts doivent s\u2019effectuer avant 12 h.<\/strong><\/p>\n<p><strong>Tarifs location parcelle et stationnement du Camping les Clos 2026 (TTC) :<\/strong><\/p>\n<table>\n<tbody>\n<tr>\n<td width=\"544\">Location de parcelle pour Mobil Home par mois<\/td>\n<td width=\"163\"><strong>\u00a0\u00a0\u00a0\u00a0\u00a0\u00a0 370,00 \u20ac<\/strong><\/td>\n<\/tr>\n<tr>\n<td width=\"544\">Stationnement de caravane \u2013 camping car par mois<\/td>\n<td width=\"163\"><strong>\u00a0 \u00a0 \u00a0 \u00a0 \u00a040,00 \u20ac<\/strong><\/td>\n<\/tr>\n<tr>\n<td width=\"544\"><\/td>\n<td width=\"163\"><strong>\u00a0 \u00a0 \u00a0 \u00a0 \u00a0<\/strong><\/td>\n<\/tr>\n<\/tbody>\n<\/table>\n<p><strong>\u00a0<\/strong><\/p>\n","protected":false},"excerpt":{"rendered":"<p>Prix par jour \/ Prices per day Tarifs camping 2026 par jour (TTC en euros) Avril &amp; Mai April &amp; May Juin &amp; Septembre June &amp; September Juillet &amp; Ao\u00fbt July &amp; August Forfait 1 ou 2 personnes + emplacement 18,00 \u20ac 20,00 \u20ac 22,00 \u20ac Personne suppl\u00e9mentaire 6,00 \u20ac 7,00 \u20ac 8,00 \u20ac Emplacement &hellip; <a href=\"http:\/\/camping-les-clos.fr\/camping\/tarifs\/\" class=\"more-link\">Continuer la lecture<span class=\"screen-reader-text\"> de <span class=\"screen-reader-text\">Tarifs \/ Prices<\/span><\/span>&nbsp;<span class=\"meta-nav\">&rarr;<\/span><\/a><\/p>\n","protected":false},"author":1,"featured_media":0,"parent":0,"menu_order":0,"comment_status":"closed","ping_status":"closed","template":"","meta":[],"_links":{"self":[{"href":"http:\/\/camping-les-clos.fr\/camping\/wp-json\/wp\/v2\/pages\/39"}],"collection":[{"href":"http:\/\/camping-les-clos.fr\/camping\/wp-json\/wp\/v2\/pages"}],"about":[{"href":"http:\/\/camping-les-clos.fr\/camping\/wp-json\/wp\/v2\/types\/page"}],"author":[{"embeddable":true,"href":"http:\/\/camping-les-clos.fr\/camping\/wp-json\/wp\/v2\/users\/1"}],"replies":[{"embeddable":true,"href":"http:\/\/camping-les-clos.fr\/camping\/wp-json\/wp\/v2\/comments?post=39"}],"version-history":[{"count":35,"href":"http:\/\/camping-les-clos.fr\/camping\/wp-json\/wp\/v2\/pages\/39\/revisions"}],"predecessor-version":[{"id":254,"href":"http:\/\/camping-les-clos.fr\/camping\/wp-json\/wp\/v2\/pages\/39\/revisions\/254"}],"wp:attachment":[{"href":"http:\/\/camping-les-clos.fr\/camping\/wp-json\/wp\/v2\/media?parent=39"}],"curies":[{"name":"wp","href":"https:\/\/api.w.org\/{rel}","templated":true}]}}