{"id":151,"date":"2015-09-09T20:59:18","date_gmt":"2015-09-09T19:59:18","guid":{"rendered":"http:\/\/camping-les-clos.fr\/camping\/?page_id=151"},"modified":"2015-09-09T21:23:01","modified_gmt":"2015-09-09T20:23:01","slug":"escalades-climbing","status":"publish","type":"page","link":"http:\/\/camping-les-clos.fr\/camping\/escalades-climbing\/","title":{"rendered":"ESCALADES \/ CLIMBING"},"content":{"rendered":"<p>Parcours d&rsquo;escalade sur la route du Muy \u00e0 4 km du camping.<\/p>\n<p>Route of climbing on the road to the town of the Muy, 4km from the camping.<\/p>\n\n<div id=\"lmm_ec80f97a\" style=\"width:850px;\" class=\"mapsmarker markermap marker-4\">\n<div id=\"lmm_panel_ec80f97a\" class=\"lmm-panel\" style=\"background:#efefef;\">\n<div id=\"lmm_panel_api_ec80f97a\" class=\"lmm-panel-api\"><a href=\"https:\/\/maps.google.com\/maps?daddr=Route+du+Muy%2C+Bagnols-en-For%C3%AAt%2C+France&amp;t=m&amp;layer=1&amp;doflg=ptk&amp;om=0\" target=\"_blank\" title=\"Obtenir l&#039;itin\u00e9raire\"><img alt=\"icon-car.png\" src=\"http:\/\/camping-les-clos.fr\/camping\/wp-content\/plugins\/leaflet-maps-marker\/inc\/img\/icon-car.png\" width=\"14\" height=\"14\" class=\"lmm-panel-api-images\" \/><\/a><\/div><div id=\"lmm_panel_text_ec80f97a\" class=\"lmm-panel-text\" style=\"font-weight:bold;color:#373737;\">Escalades \/ climbings<\/div><\/div>\n<div id=\"lmm_map_ec80f97a\" class=\"lmm-map\" style=\"background:#f6f6f6;border:1px solid #ccc;height:700px; overflow:hidden;padding:0;\"><p style=\"font-size:80%;color:#9f9e9e;margin-left:5px;\">chargement de la carte - veuillez patienter...<noscript><br\/><strong>La carte ne peut \u00eatre charg\u00e9e - s'il vous pla\u00eet activer Javascript !<\/strong><br\/><a style=\"text-decoration:none;\" href=\"https:\/\/www.mapsmarker.com\/js-disabled\" target=\"_blank\">&rarr; plus dginformations<\/a><\/noscript><\/p><\/div>\n<div id=\"lmm_geo_tags_ec80f97a\" class=\"lmm-geo-tags geo\">\n<span class=\"paneltext\">Escalades \/ climbings<\/span>\n<span class=\"latitude\">43.516066<\/span>, <span class=\"longitude\">6.655741<\/span>\n<span class=\"popuptext\"><\/span>\n<\/div>\n<\/div>\n","protected":false},"excerpt":{"rendered":"<p>Parcours d&rsquo;escalade sur la route du Muy \u00e0 4 km du camping. Route of climbing on the road to the town of the Muy, 4km from the camping.<\/p>\n","protected":false},"author":1,"featured_media":0,"parent":0,"menu_order":0,"comment_status":"closed","ping_status":"closed","template":"","meta":[],"_links":{"self":[{"href":"http:\/\/camping-les-clos.fr\/camping\/wp-json\/wp\/v2\/pages\/151"}],"collection":[{"href":"http:\/\/camping-les-clos.fr\/camping\/wp-json\/wp\/v2\/pages"}],"about":[{"href":"http:\/\/camping-les-clos.fr\/camping\/wp-json\/wp\/v2\/types\/page"}],"author":[{"embeddable":true,"href":"http:\/\/camping-les-clos.fr\/camping\/wp-json\/wp\/v2\/users\/1"}],"replies":[{"embeddable":true,"href":"http:\/\/camping-les-clos.fr\/camping\/wp-json\/wp\/v2\/comments?post=151"}],"version-history":[{"count":6,"href":"http:\/\/camping-les-clos.fr\/camping\/wp-json\/wp\/v2\/pages\/151\/revisions"}],"predecessor-version":[{"id":159,"href":"http:\/\/camping-les-clos.fr\/camping\/wp-json\/wp\/v2\/pages\/151\/revisions\/159"}],"wp:attachment":[{"href":"http:\/\/camping-les-clos.fr\/camping\/wp-json\/wp\/v2\/media?parent=151"}],"curies":[{"name":"wp","href":"https:\/\/api.w.org\/{rel}","templated":true}]}}