{"id":134,"date":"2015-09-09T19:48:38","date_gmt":"2015-09-09T18:48:38","guid":{"rendered":"http:\/\/camping-les-clos.fr\/camping\/?page_id=134"},"modified":"2015-09-22T11:31:45","modified_gmt":"2015-09-22T10:31:45","slug":"lieux-de-loisirs","status":"publish","type":"page","link":"http:\/\/camping-les-clos.fr\/camping\/lieux-de-loisirs\/","title":{"rendered":"PECHE \/ FISHING"},"content":{"rendered":"<p><h3>Lieux de p\u00eaches \/ Location of fisching places<\/h3>\n<\/p>\n<p>[mappress mapid=\u00a0\u00bb1&Prime;]<\/p>\n<p><h3>P\u00eache au Lac de Saint-Cassien situ\u00e9 \u00e0 20 km du camping<\/h3>\n<\/p>\n<p>&nbsp;<\/p>\n\n","protected":false},"excerpt":{"rendered":"<p>Lieux de p\u00eaches \/ Location of fisching places [mappress mapid=\u00a0\u00bb1&Prime;] P\u00eache au Lac de Saint-Cassien situ\u00e9 \u00e0 20 km du camping &nbsp;<\/p>\n","protected":false},"author":1,"featured_media":0,"parent":0,"menu_order":0,"comment_status":"closed","ping_status":"closed","template":"","meta":[],"_links":{"self":[{"href":"http:\/\/camping-les-clos.fr\/camping\/wp-json\/wp\/v2\/pages\/134"}],"collection":[{"href":"http:\/\/camping-les-clos.fr\/camping\/wp-json\/wp\/v2\/pages"}],"about":[{"href":"http:\/\/camping-les-clos.fr\/camping\/wp-json\/wp\/v2\/types\/page"}],"author":[{"embeddable":true,"href":"http:\/\/camping-les-clos.fr\/camping\/wp-json\/wp\/v2\/users\/1"}],"replies":[{"embeddable":true,"href":"http:\/\/camping-les-clos.fr\/camping\/wp-json\/wp\/v2\/comments?post=134"}],"version-history":[{"count":5,"href":"http:\/\/camping-les-clos.fr\/camping\/wp-json\/wp\/v2\/pages\/134\/revisions"}],"predecessor-version":[{"id":181,"href":"http:\/\/camping-les-clos.fr\/camping\/wp-json\/wp\/v2\/pages\/134\/revisions\/181"}],"wp:attachment":[{"href":"http:\/\/camping-les-clos.fr\/camping\/wp-json\/wp\/v2\/media?parent=134"}],"curies":[{"name":"wp","href":"https:\/\/api.w.org\/{rel}","templated":true}]}}